{"id":25731,"date":"2022-10-18T08:22:08","date_gmt":"2022-10-18T07:22:08","guid":{"rendered":"https:\/\/earlyfeednutrition.com\/?post_type=product&#038;p=25731"},"modified":"2024-01-24T12:53:32","modified_gmt":"2024-01-24T11:53:32","slug":"preparaty-mlekozastepcze-milkfarm","status":"publish","type":"product","link":"https:\/\/www.earlyfeednutrition.com\/pl\/what-we-offer\/preparaty-mlekozastepcze-milkfarm\/","title":{"rendered":"Preparaty mlekozast\u0119pcze MilkFarm"},"content":{"rendered":"<section class=\"section section--gutenberg section--gutenberg-nomargin wp-block-paragraph\">\n<p>Preparaty mlekozast\u0119pcze z linii MilkFARM przeznaczone s\u0105 dla ciel\u0105t od 3 dnia \u017cycia. W\u0142a\u015bciwie dobrane surowce gwarantuj\u0105 zapewnienie dodatkowej ochrony przewodu pokarmowego w pierwszych dniach \u017cycia zwierz\u0105t<\/p>\n<\/section>\n\n<section class=\"section section--gutenberg section--gutenberg-nomargin wp-block-columns\"><div class=\"container\" style=\"\"><div class=\"columns\"><div class=\"wp-block-column column\" style=\"\"><section class=\"section section--gutenberg section--gutenberg-nomargin wp-block-heading\">\n<h2 class=\"wp-block-heading\"><span style=\"font-family: bebas-neue-rounded, &quot;Roboto&quot;, &quot;Open Sans&quot;, &quot;Helvetica&quot;, &quot;Arial&quot;, sans-serif;\" class=\"font-family\"><span style=\"color: #DBB154\" class=\"text-color\">MilkFARM Pro<\/span><\/span><\/h2>\n<\/section><section class=\"section section--gutenberg section--gutenberg-nomargin wp-block-paragraph\">\n<p><span style=\"font-family: &quot;Roboto&quot;, &quot;Open Sans&quot;, &quot;Helvetica&quot;, &quot;Arial&quot;, sans-serif;\" class=\"font-family\"><span style=\"color: #FFFFFF\" class=\"text-color\">Preparat mlekozast\u0119pczy oparty o wysokiej jako\u015bci sk\u0142adniki z dodatkiem kompleksu probiotycznego, przeznaczony do stosowania od 3 dnia \u017cycia. Preparat ten w pe\u0142ni pokrywa zapotrzebowanie na sk\u0142adniki pokarmowe, a tak\u017ce ogranicza wy &#8211; st\u0119powanie biegunek poprzez zastosowanie bakterii probiotycznych. Cechuje go dobra smakowito\u015b\u0107 i pobieralno\u015b\u0107. Powtarzalna jako\u015b\u0107 produktu gwarantuje zdrowy i ekonomiczny odch\u00f3w. <\/span><\/span><\/p>\n<\/section><\/div><div class=\"wp-block-column column\" style=\"\"><section class=\"section section--gutenberg section--gutenberg-nomargin wp-block-heading\">\n<h2 class=\"wp-block-heading\"><span style=\"font-family: bebas-neue-rounded, &quot;Roboto&quot;, &quot;Open Sans&quot;, &quot;Helvetica&quot;, &quot;Arial&quot;, sans-serif;\" class=\"font-family\"><span style=\"color: #DBB154\" class=\"text-color\">MilkFARM Len<\/span><\/span><\/h2>\n<\/section><section class=\"section section--gutenberg section--gutenberg-nomargin wp-block-paragraph\">\n<p><span style=\"font-family: &quot;Roboto&quot;, &quot;Open Sans&quot;, &quot;Helvetica&quot;, &quot;Arial&quot;, sans-serif;\" class=\"font-family\"><span style=\"color: #FFFFFF\" class=\"text-color\">Siemi\u0119 lniane od zawsze by\u0142o wykorzystywane w profilaktyce uk\u0142adu pokarmowego ciel\u0105t. W tym produkcie wykorzystali\u015bmy po\u0142\u0105czenie tradycji z nowoczesno\u015bci\u0105 i stworzyli\u015bmy produkt, kt\u00f3ry nadaje si\u0119 idealnie do dwuetapowego systemu odchowu ciel\u0105t. Przeznaczony do stosowania od 21 dnia \u017cycia. Zastosowanie kompleksu probiotycznego skutecznie zabezpiecza przed biegunkami i pozytywnie wp\u0142ywa na rozw\u00f3j ciel\u0105t. Nale\u017cy zachowa\u0107 3 dniowy okres przej\u015bciowy przy zmianie preparatu. Zawarte sk\u0142adniki powoduj\u0105 p\u0119cznienie p\u00f3j\u0142a dla &#8211; tego te\u017c po rozpuszczeniu nale\u017cy odczeka\u0107 10 minut przed podaniem go ciel\u0119tom. <\/span><\/span><\/p>\n<\/section><\/div><div class=\"wp-block-column column\" style=\"\"><section class=\"section section--gutenberg section--gutenberg-nomargin wp-block-heading\">\n<h2 class=\"wp-block-heading\"><span style=\"color: #DBB154\" class=\"text-color\"><span style=\"font-family: bebas-neue-rounded, &quot;Roboto&quot;, &quot;Open Sans&quot;, &quot;Helvetica&quot;, &quot;Arial&quot;, sans-serif;\" class=\"font-family\">Main benefits<br>of <\/span><\/span><span style=\"color: #ffffff\" class=\"text-color\"><span style=\"font-family: bebas-neue-rounded, &quot;Roboto&quot;, &quot;Open Sans&quot;, &quot;Helvetica&quot;, &quot;Arial&quot;, sans-serif;\" class=\"font-family\">Preparaty mlekozast\u0119pcze MilkFarm  <\/span><\/span><\/h2>\n<\/section>\n<ul class=\"wp-block-list\">\n<li><span style=\"\" class=\"font-family\"><span style=\"font-family: Roboto, &quot;Open Sans&quot;, Helvetica, Arial, sans-serif; color: rgb(255, 255, 255);\" class=\"text-color\">wy\u017csza strawno\u015b\u0107<\/span><\/span><\/li>\n\n\n\n<li><span style=\"\" class=\"font-family\"><span style=\"font-family: Roboto, &quot;Open Sans&quot;, Helvetica, Arial, sans-serif; color: rgb(255, 255, 255);\" class=\"text-color\"><span style=\"\" class=\"font-family\"><span style=\"font-family: Roboto, &quot;Open Sans&quot;, Helvetica, Arial, sans-serif; color: rgb(255, 255, 255);\" class=\"text-color\">zapobieganie kwasicy<\/span><\/span><\/span><\/span><\/li>\n\n\n\n<li><span style=\"\" class=\"font-family\"><span style=\"font-family: Roboto, &quot;Open Sans&quot;, Helvetica, Arial, sans-serif; color: rgb(255, 255, 255);\" class=\"text-color\">poprawa wydajno\u015bci<\/span><\/span><\/li>\n<\/ul>\n<\/div><\/div><\/div><\/section>\n\n\n\n<section id=\"earlyfeed-gallery-block_01856498c3cb8614a9cccd90ab7fb1de\" class=\"section section--gutenberg earlyfeed-gallery\">\n    <div class=\"container\">\n        <div class=\"columns\" style='height: 400px'>\n                    \n            \n            <div class=\"column col-width--65\">\n                                <picture>\n                                        \n                    <source media=\"(min-width: 2561px)\" data-srcset=\"https:\/\/www.earlyfeednutrition.com\/app\/uploads\/2022\/09\/Automatic-calf-feeders-scaled.jpg\" \/>\n                    <source media=\"(min-width: 1921px)\" data-srcset=\"https:\/\/www.earlyfeednutrition.com\/app\/uploads\/2022\/09\/Automatic-calf-feeders-scaled.jpg\" \/>\n                    <source media=\"(min-width: 1441px)\" data-srcset=\"https:\/\/www.earlyfeednutrition.com\/app\/uploads\/2022\/09\/Automatic-calf-feeders-scaled.jpg\" \/>\n                    <source media=\"(min-width: 1281px)\" data-srcset=\"https:\/\/www.earlyfeednutrition.com\/app\/uploads\/2022\/09\/Automatic-calf-feeders-scaled.jpg\" \/>\n                    <source media=\"(min-width: 769px)\" data-srcset=\"https:\/\/www.earlyfeednutrition.com\/app\/uploads\/2022\/09\/Automatic-calf-feeders-scaled.jpg\" \/>\n                    <source media=\"(min-width: 476px)\" data-srcset=\"https:\/\/www.earlyfeednutrition.com\/app\/uploads\/2022\/09\/Automatic-calf-feeders-scaled.jpg\" \/>\n                    <source media=\"(min-width: 321px)\" data-srcset=\"https:\/\/www.earlyfeednutrition.com\/app\/uploads\/2022\/09\/Automatic-calf-feeders-scaled.jpg\" \/>\n                    <source media=\"(max-width: 320px)\" data-srcset=\"https:\/\/www.earlyfeednutrition.com\/app\/uploads\/2022\/09\/Automatic-calf-feeders-scaled.jpg\" \/>\n                    \n                    <img data-src=\"https:\/\/www.earlyfeednutrition.com\/app\/uploads\/2022\/09\/Automatic-calf-feeders-scaled.jpg\" alt=\"\" class=\"lazyload\">\n                <\/picture>\n\n            <\/div>\n                                \n            \n            <div class=\"column col-width--30\">\n                                <picture>\n                                        \n                    <source media=\"(min-width: 2561px)\" data-srcset=\"https:\/\/www.earlyfeednutrition.com\/app\/uploads\/2022\/02\/shutterstock_1100346179.jpg\" \/>\n                    <source media=\"(min-width: 1921px)\" data-srcset=\"https:\/\/www.earlyfeednutrition.com\/app\/uploads\/2022\/02\/shutterstock_1100346179.jpg\" \/>\n                    <source media=\"(min-width: 1441px)\" data-srcset=\"https:\/\/www.earlyfeednutrition.com\/app\/uploads\/2022\/02\/shutterstock_1100346179.jpg\" \/>\n                    <source media=\"(min-width: 1281px)\" data-srcset=\"https:\/\/www.earlyfeednutrition.com\/app\/uploads\/2022\/02\/shutterstock_1100346179.jpg\" \/>\n                    <source media=\"(min-width: 769px)\" data-srcset=\"https:\/\/www.earlyfeednutrition.com\/app\/uploads\/2022\/02\/shutterstock_1100346179.jpg\" \/>\n                    <source media=\"(min-width: 476px)\" data-srcset=\"https:\/\/www.earlyfeednutrition.com\/app\/uploads\/2022\/02\/shutterstock_1100346179-768x513.jpg\" \/>\n                    <source media=\"(min-width: 321px)\" data-srcset=\"https:\/\/www.earlyfeednutrition.com\/app\/uploads\/2022\/02\/shutterstock_1100346179-475x317.jpg\" \/>\n                    <source media=\"(max-width: 320px)\" data-srcset=\"https:\/\/www.earlyfeednutrition.com\/app\/uploads\/2022\/02\/shutterstock_1100346179-320x214.jpg\" \/>\n                    \n                    <img data-src=\"https:\/\/www.earlyfeednutrition.com\/app\/uploads\/2022\/02\/shutterstock_1100346179-320x214.jpg\" alt=\"\" class=\"lazyload\">\n                <\/picture>\n\n            <\/div>\n                            <\/div>\n    <\/div>\n<\/section> \n\n\n<section id=\"agri-contact-tile-block_5aac6c7540df8e7c643cbd31cbc30b6b\" class=\"section section--gutenberg agri-contact-tile\">\n    <div class=\"container\">\n        <div class=\"columns\">\n            <div class=\"column is-full is-8-tablet is-offset-2-tablet is-6-desktop is-offset-3-desktop is-4-widescreen is-offset-4-widescreen\">\n                <div class=\"block block--localcontact\">\n                    <div class=\"content\">\n                        <div class=\"note\">Tw\u00f3j ekspert Earlyfeed<\/div>\n                        <div class=\"name\">Marcin Kryger<\/div>\n                        <div class=\"function\">Kierownik ds. Rozwoju Produkt\u00f3w i Wsparcia Technicznego<\/div>\n                    <\/div>\n\n                    <div class=\"button--wrapper\">\n                        <a href=\"mailto:m.kryger@agrifirm.com\" class=\"button button--primary button--primary--brown\">Skontaktuj si\u0119<\/a>\n                    <\/div>\n\n                    <div class=\"description\">\n                        <p>Ten kontakt zosta\u0142 zasugerowany na podstawie lokalizacji, z kt\u00f3rej przegl\u0105dasz. <a href=\"https:\/\/www.earlyfeednutrition.com\/pl\/contact-pl\/\"><span class=\"s1\">Tutaj<\/span><\/a>\u00a0mo\u017cesz oczywi\u015bcie sprawdzi\u0107 r\u00f3wnie\u017c inne nasze kontakty i lokalizacje.<\/p>\n                    <\/div>\n                <\/div>\n            <\/div>\n        <\/div>\n    <\/div>\n<\/section>","protected":false},"featured_media":16919,"template":"","sector":[466],"country":[],"product_category":[2362],"class_list":["post-25731","product","type-product","status-publish","has-post-thumbnail","hentry","sector-ruminants-pl","product_category-mieszanki-paszowe-uzupelniajace"],"acf":[],"yoast_head":"<!-- This site is optimized with the Yoast SEO plugin v27.0 - https:\/\/yoast.com\/product\/yoast-seo-wordpress\/ -->\n<title>Preparaty mlekozast\u0119pcze MilkFarm - Earlyfeed<\/title>\n<meta name=\"robots\" content=\"index, follow, max-snippet:-1, max-image-preview:large, max-video-preview:-1\" \/>\n<link rel=\"canonical\" href=\"https:\/\/www.earlyfeednutrition.com\/pl\/what-we-offer\/preparaty-mlekozastepcze-milkfarm\/\" \/>\n<meta property=\"og:locale\" content=\"pl_PL\" \/>\n<meta property=\"og:type\" content=\"article\" \/>\n<meta property=\"og:title\" content=\"Preparaty mlekozast\u0119pcze MilkFarm - Earlyfeed\" \/>\n<meta property=\"og:description\" content=\"Preparaty mlekozast\u0119pcze z linii MilkFARM przeznaczone s\u0105 dla ciel\u0105t od 3 dnia \u017cycia. W\u0142a\u015bciwie dobrane surowce gwarantuj\u0105 zapewnienie dodatkowej ochrony przewodu pokarmowego w pierwszych dniach \u017cycia zwierz\u0105t MilkFARM Pro Preparat mlekozast\u0119pczy oparty o wysokiej jako\u015bci sk\u0142adniki z dodatkiem kompleksu probiotycznego, przeznaczony do stosowania od 3 dnia \u017cycia. Preparat ten w pe\u0142ni pokrywa zapotrzebowanie na sk\u0142adniki [&hellip;]\" \/>\n<meta property=\"og:url\" content=\"https:\/\/www.earlyfeednutrition.com\/pl\/what-we-offer\/preparaty-mlekozastepcze-milkfarm\/\" \/>\n<meta property=\"og:site_name\" content=\"Earlyfeed\" \/>\n<meta property=\"article:modified_time\" content=\"2024-01-24T11:53:32+00:00\" \/>\n<meta property=\"og:image\" content=\"https:\/\/www.earlyfeednutrition.com\/app\/uploads\/2022\/02\/shutterstock_1100346179.jpg\" \/>\n\t<meta property=\"og:image:width\" content=\"1200\" \/>\n\t<meta property=\"og:image:height\" content=\"801\" \/>\n\t<meta property=\"og:image:type\" content=\"image\/jpeg\" \/>\n<meta name=\"twitter:card\" content=\"summary_large_image\" \/>\n<meta name=\"twitter:label1\" content=\"Est. reading time\" \/>\n\t<meta name=\"twitter:data1\" content=\"1 minute\" \/>\n<script type=\"application\/ld+json\" class=\"yoast-schema-graph\">{\"@context\":\"https:\/\/schema.org\",\"@graph\":[{\"@type\":\"WebPage\",\"@id\":\"https:\/\/www.earlyfeednutrition.com\/pl\/what-we-offer\/preparaty-mlekozastepcze-milkfarm\/\",\"url\":\"https:\/\/www.earlyfeednutrition.com\/pl\/what-we-offer\/preparaty-mlekozastepcze-milkfarm\/\",\"name\":\"Preparaty mlekozast\u0119pcze MilkFarm - Earlyfeed\",\"isPartOf\":{\"@id\":\"https:\/\/www.earlyfeednutrition.com\/pl\/#website\"},\"primaryImageOfPage\":{\"@id\":\"https:\/\/www.earlyfeednutrition.com\/pl\/what-we-offer\/preparaty-mlekozastepcze-milkfarm\/#primaryimage\"},\"image\":{\"@id\":\"https:\/\/www.earlyfeednutrition.com\/pl\/what-we-offer\/preparaty-mlekozastepcze-milkfarm\/#primaryimage\"},\"thumbnailUrl\":\"https:\/\/www.earlyfeednutrition.com\/app\/uploads\/2022\/02\/shutterstock_1100346179.jpg\",\"datePublished\":\"2022-10-18T07:22:08+00:00\",\"dateModified\":\"2024-01-24T11:53:32+00:00\",\"breadcrumb\":{\"@id\":\"https:\/\/www.earlyfeednutrition.com\/pl\/what-we-offer\/preparaty-mlekozastepcze-milkfarm\/#breadcrumb\"},\"inLanguage\":\"pl-PL\",\"potentialAction\":[{\"@type\":\"ReadAction\",\"target\":[\"https:\/\/www.earlyfeednutrition.com\/pl\/what-we-offer\/preparaty-mlekozastepcze-milkfarm\/\"]}]},{\"@type\":\"ImageObject\",\"inLanguage\":\"pl-PL\",\"@id\":\"https:\/\/www.earlyfeednutrition.com\/pl\/what-we-offer\/preparaty-mlekozastepcze-milkfarm\/#primaryimage\",\"url\":\"https:\/\/www.earlyfeednutrition.com\/app\/uploads\/2022\/02\/shutterstock_1100346179.jpg\",\"contentUrl\":\"https:\/\/www.earlyfeednutrition.com\/app\/uploads\/2022\/02\/shutterstock_1100346179.jpg\",\"width\":1200,\"height\":801},{\"@type\":\"BreadcrumbList\",\"@id\":\"https:\/\/www.earlyfeednutrition.com\/pl\/what-we-offer\/preparaty-mlekozastepcze-milkfarm\/#breadcrumb\",\"itemListElement\":[{\"@type\":\"ListItem\",\"position\":1,\"name\":\"Strona g\u0142\u00f3wna\",\"item\":\"https:\/\/www.earlyfeednutrition.com\/pl\/\"},{\"@type\":\"ListItem\",\"position\":2,\"name\":\"Product\",\"item\":\"https:\/\/www.earlyfeednutrition.com\/pl\/what-we-offer\/\"},{\"@type\":\"ListItem\",\"position\":3,\"name\":\"Preparaty mlekozast\u0119pcze MilkFarm\"}]},{\"@type\":\"WebSite\",\"@id\":\"https:\/\/www.earlyfeednutrition.com\/pl\/#website\",\"url\":\"https:\/\/www.earlyfeednutrition.com\/pl\/\",\"name\":\"Earlyfeed\",\"description\":\"Right from the start\",\"potentialAction\":[{\"@type\":\"SearchAction\",\"target\":{\"@type\":\"EntryPoint\",\"urlTemplate\":\"https:\/\/www.earlyfeednutrition.com\/pl\/?s={search_term_string}\"},\"query-input\":{\"@type\":\"PropertyValueSpecification\",\"valueRequired\":true,\"valueName\":\"search_term_string\"}}],\"inLanguage\":\"pl-PL\"}]}<\/script>\n<!-- \/ Yoast SEO plugin. -->","yoast_head_json":{"title":"Preparaty mlekozast\u0119pcze MilkFarm - Earlyfeed","robots":{"index":"index","follow":"follow","max-snippet":"max-snippet:-1","max-image-preview":"max-image-preview:large","max-video-preview":"max-video-preview:-1"},"canonical":"https:\/\/www.earlyfeednutrition.com\/pl\/what-we-offer\/preparaty-mlekozastepcze-milkfarm\/","og_locale":"pl_PL","og_type":"article","og_title":"Preparaty mlekozast\u0119pcze MilkFarm - Earlyfeed","og_description":"Preparaty mlekozast\u0119pcze z linii MilkFARM przeznaczone s\u0105 dla ciel\u0105t od 3 dnia \u017cycia. W\u0142a\u015bciwie dobrane surowce gwarantuj\u0105 zapewnienie dodatkowej ochrony przewodu pokarmowego w pierwszych dniach \u017cycia zwierz\u0105t MilkFARM Pro Preparat mlekozast\u0119pczy oparty o wysokiej jako\u015bci sk\u0142adniki z dodatkiem kompleksu probiotycznego, przeznaczony do stosowania od 3 dnia \u017cycia. Preparat ten w pe\u0142ni pokrywa zapotrzebowanie na sk\u0142adniki [&hellip;]","og_url":"https:\/\/www.earlyfeednutrition.com\/pl\/what-we-offer\/preparaty-mlekozastepcze-milkfarm\/","og_site_name":"Earlyfeed","article_modified_time":"2024-01-24T11:53:32+00:00","og_image":[{"width":1200,"height":801,"url":"https:\/\/www.earlyfeednutrition.com\/app\/uploads\/2022\/02\/shutterstock_1100346179.jpg","type":"image\/jpeg"}],"twitter_card":"summary_large_image","twitter_misc":{"Est. reading time":"1 minute"},"schema":{"@context":"https:\/\/schema.org","@graph":[{"@type":"WebPage","@id":"https:\/\/www.earlyfeednutrition.com\/pl\/what-we-offer\/preparaty-mlekozastepcze-milkfarm\/","url":"https:\/\/www.earlyfeednutrition.com\/pl\/what-we-offer\/preparaty-mlekozastepcze-milkfarm\/","name":"Preparaty mlekozast\u0119pcze MilkFarm - Earlyfeed","isPartOf":{"@id":"https:\/\/www.earlyfeednutrition.com\/pl\/#website"},"primaryImageOfPage":{"@id":"https:\/\/www.earlyfeednutrition.com\/pl\/what-we-offer\/preparaty-mlekozastepcze-milkfarm\/#primaryimage"},"image":{"@id":"https:\/\/www.earlyfeednutrition.com\/pl\/what-we-offer\/preparaty-mlekozastepcze-milkfarm\/#primaryimage"},"thumbnailUrl":"https:\/\/www.earlyfeednutrition.com\/app\/uploads\/2022\/02\/shutterstock_1100346179.jpg","datePublished":"2022-10-18T07:22:08+00:00","dateModified":"2024-01-24T11:53:32+00:00","breadcrumb":{"@id":"https:\/\/www.earlyfeednutrition.com\/pl\/what-we-offer\/preparaty-mlekozastepcze-milkfarm\/#breadcrumb"},"inLanguage":"pl-PL","potentialAction":[{"@type":"ReadAction","target":["https:\/\/www.earlyfeednutrition.com\/pl\/what-we-offer\/preparaty-mlekozastepcze-milkfarm\/"]}]},{"@type":"ImageObject","inLanguage":"pl-PL","@id":"https:\/\/www.earlyfeednutrition.com\/pl\/what-we-offer\/preparaty-mlekozastepcze-milkfarm\/#primaryimage","url":"https:\/\/www.earlyfeednutrition.com\/app\/uploads\/2022\/02\/shutterstock_1100346179.jpg","contentUrl":"https:\/\/www.earlyfeednutrition.com\/app\/uploads\/2022\/02\/shutterstock_1100346179.jpg","width":1200,"height":801},{"@type":"BreadcrumbList","@id":"https:\/\/www.earlyfeednutrition.com\/pl\/what-we-offer\/preparaty-mlekozastepcze-milkfarm\/#breadcrumb","itemListElement":[{"@type":"ListItem","position":1,"name":"Strona g\u0142\u00f3wna","item":"https:\/\/www.earlyfeednutrition.com\/pl\/"},{"@type":"ListItem","position":2,"name":"Product","item":"https:\/\/www.earlyfeednutrition.com\/pl\/what-we-offer\/"},{"@type":"ListItem","position":3,"name":"Preparaty mlekozast\u0119pcze MilkFarm"}]},{"@type":"WebSite","@id":"https:\/\/www.earlyfeednutrition.com\/pl\/#website","url":"https:\/\/www.earlyfeednutrition.com\/pl\/","name":"Earlyfeed","description":"Right from the start","potentialAction":[{"@type":"SearchAction","target":{"@type":"EntryPoint","urlTemplate":"https:\/\/www.earlyfeednutrition.com\/pl\/?s={search_term_string}"},"query-input":{"@type":"PropertyValueSpecification","valueRequired":true,"valueName":"search_term_string"}}],"inLanguage":"pl-PL"}]}},"_links":{"self":[{"href":"https:\/\/www.earlyfeednutrition.com\/pl\/wp-json\/wp\/v2\/product\/25731","targetHints":{"allow":["GET"]}}],"collection":[{"href":"https:\/\/www.earlyfeednutrition.com\/pl\/wp-json\/wp\/v2\/product"}],"about":[{"href":"https:\/\/www.earlyfeednutrition.com\/pl\/wp-json\/wp\/v2\/types\/product"}],"wp:featuredmedia":[{"embeddable":true,"href":"https:\/\/www.earlyfeednutrition.com\/pl\/wp-json\/wp\/v2\/media\/16919"}],"wp:attachment":[{"href":"https:\/\/www.earlyfeednutrition.com\/pl\/wp-json\/wp\/v2\/media?parent=25731"}],"wp:term":[{"taxonomy":"sector","embeddable":true,"href":"https:\/\/www.earlyfeednutrition.com\/pl\/wp-json\/wp\/v2\/sector?post=25731"},{"taxonomy":"country","embeddable":true,"href":"https:\/\/www.earlyfeednutrition.com\/pl\/wp-json\/wp\/v2\/country?post=25731"},{"taxonomy":"product_category","embeddable":true,"href":"https:\/\/www.earlyfeednutrition.com\/pl\/wp-json\/wp\/v2\/product_category?post=25731"}],"curies":[{"name":"wp","href":"https:\/\/api.w.org\/{rel}","templated":true}]}}