{"id":18066,"date":"2020-11-05T16:00:36","date_gmt":"2020-11-05T16:00:36","guid":{"rendered":"https:\/\/earlyfeednutrition.com\/what-we-do\/poultry\/"},"modified":"2022-04-20T10:59:25","modified_gmt":"2022-04-20T09:59:25","slug":"poultry","status":"publish","type":"page","link":"https:\/\/www.earlyfeednutrition.com\/hu\/what-we-do\/poultry\/","title":{"rendered":"Baromfi"},"content":{"rendered":"<section class=\"section section--gutenberg section--gutenberg-nomargin wp-block-heading\">\n<h2><span style=\"color: #3A261B\" class=\"text-color\"><span style=\"font-family: bebas-neue-rounded, &quot;Roboto&quot;, &quot;Open Sans&quot;, &quot;Helvetica&quot;, &quot;Arial&quot;, sans-serif;\" class=\"font-family\">Nincs olyan hogy \u2018t\u00fal kor\u00e1n\u2019<\/span><\/span><\/h2>\n<\/section>\n\n<section class=\"section section--gutenberg section--gutenberg-nomargin wp-block-paragraph\">\n<p><span style=\"font-family: &quot;Roboto&quot;, &quot;Open Sans&quot;, &quot;Helvetica&quot;, &quot;Arial&quot;, sans-serif;\" class=\"font-family\">Amennyiben meg szeretn\u00e9 adni a csib\u00e9k sz\u00e1m\u00e1ra, hogy a szervezet\u00fck megfelel\u0151en fejl\u0151dj\u00f6n, akkor nem lehet el\u00e9g kor\u00e1n beavatkozni. El\u0151fordulhat, hogy t\u00fal k\u00e9s\u0151n teszi meg valaki ezt a l\u00e9p\u00e9st.  A tudom\u00e1nyos kutat\u00e1sok, \u00e9s a telepi tapasztalatok mind azt t\u00e1masztj\u00e1k al\u00e1, hogy a csib\u00e9k \u00e9let\u00e9nek els\u0151 24-72 \u00f3r\u00e1ja hat\u00e1rozza meg nagyr\u00e9szt a k\u00e9s\u0151bbi \u00e9letteljes\u00edtm\u00e9ny\u00fcket.  \n\nA csib\u00e9k sz\u00e1m\u00e1ra biztos\u00edtott a szik t\u00f6ml\u0151b\u0151l a term\u00e9szetes t\u00e1pl\u00e1l\u00f3anyag felsz\u00edv\u00f3d\u00e1s, \u00e1m ez a term\u00e9szetes tartal\u00e9k csup\u00e1n a csibe \u00e9hez\u00e9s\u00e9nek megakad\u00e1lyoz\u00e1s\u00e1ra szolg\u00e1l. Nem elegend\u0151 felk\u00e9sz\u00edteni a fiatal madarat arra, hogy t\u00fal\u00e9ljen \u00e9s boldoguljon a baromfiist\u00e1ll\u00f3ban. <\/span><\/p>\n<\/section>\n\n<section class=\"section section--gutenberg section--gutenberg-nomargin wp-block-heading\">\n<h2><span style=\"color: #3A261B\" class=\"text-color\"><span style=\"font-family: bebas-neue-rounded, &quot;Roboto&quot;, &quot;Open Sans&quot;, &quot;Helvetica&quot;, &quot;Arial&quot;, sans-serif;\" class=\"font-family\">Egy kis bar\u00e1ti seg\u00edts\u00e9g<\/span><\/span><\/h2>\n<\/section>\n\n<section class=\"section section--gutenberg section--gutenberg-nomargin wp-block-paragraph\">\n<p><span style=\"font-family: &quot;Roboto&quot;, &quot;Open Sans&quot;, &quot;Helvetica&quot;, &quot;Arial&quot;, sans-serif;\" class=\"font-family\">Alapvet\u0151en a telep\u00edt\u00e9st k\u00f6vet\u0151en el\u00e9g sok csibe (\u00e9s feltehet\u0151leg t\u00f6bb, mint amit \u00d6n megszokott) t\u00fal\u00e9li a termel\u00e9si ciklust, annak ellen\u00e9re, hogy \u00e9let\u00e9nek korai szakasz\u00e1ban egyidej\u0171leg t\u00f6bb stresszfaktort kell lek\u00fczdenie. Az Earlyfeed naposcsib\u00e9k sz\u00e1m\u00e1ra fejlesztett koncepci\u00f3j\u00e1t \u00fagy dolgozt\u00e1k ki, hogy \u00f6sszhangban legyen a fiatal madarak t\u00e1pl\u00e1l\u00f3anyag ig\u00e9nyeivel a korai\u00e9letciklusban. <\/span><\/p>\n<\/section>\n\n<section class=\"section section--gutenberg section--gutenberg-nomargin wp-block-paragraph\">\n<p><span style=\"font-family: &quot;Roboto&quot;, &quot;Open Sans&quot;, &quot;Helvetica&quot;, &quot;Arial&quot;, sans-serif;\" class=\"font-family\">Megold\u00e1saink, a megfelel\u0151 alkalmaz\u00e1s mellett gyors \u00e9s stabil takarm\u00e1nyfelv\u00e9telt illetve z\u00f6kken\u0151mentes \u00e1tmenetet eredm\u00e9nyeznek a telep\u00edt\u00e9st\u0151l a kritikus els\u0151 10 nap v\u00e9g\u00e9ig. A t\u00e1pl\u00e1l\u00f3anyagok \u00f6sszet\u00e9tele az a csibe gyors \u00e9s kiegyens\u00falyozott fejl\u0151d\u00e9s\u00e9t teszi lehet\u0151v\u00e9 an\u00e9lk\u00fcl, hogy t\u00falzott nyom\u00e1st gyakorolna az em\u00e9szt\u0151rendszer\u00e9re illetve b\u00e9lfl\u00f3r\u00e1j\u00e1nak egyens\u00faly\u00e1ra. A legfontosabb c\u00e9l, hogy  a fiatal madarak a lehet\u0151 leghamarabb t\u00e1pl\u00e1lkozzanak, \u00edgy \u00e9letciklusuk eg\u00e9sze alatt magas \u00e9letteljes\u00edtm\u00e9nyt ny\u00fajtsanak. <\/span>.<span style=\"font-family: &quot;Roboto&quot;, &quot;Open Sans&quot;, &quot;Helvetica&quot;, &quot;Arial&quot;, sans-serif;\" class=\"font-family\">&nbsp;<\/span><\/p>\n<\/section>","protected":false},"excerpt":{"rendered":"<p>Nincs olyan hogy \u2018t\u00fal kor\u00e1n\u2019 Amennyiben meg szeretn\u00e9 adni a csib\u00e9k sz\u00e1m\u00e1ra, hogy a szervezet\u00fck megfelel\u0151en fejl\u0151dj\u00f6n, akkor nem lehet el\u00e9g kor\u00e1n beavatkozni. El\u0151fordulhat, hogy t\u00fal k\u00e9s\u0151n teszi meg valaki ezt a l\u00e9p\u00e9st. A tudom\u00e1nyos kutat\u00e1sok, \u00e9s a telepi tapasztalatok mind azt t\u00e1masztj\u00e1k al\u00e1, hogy a csib\u00e9k \u00e9let\u00e9nek els\u0151 24-72 \u00f3r\u00e1ja hat\u00e1rozza meg nagyr\u00e9szt a [&hellip;]<\/p>\n","protected":false},"author":1,"featured_media":0,"parent":15470,"menu_order":0,"comment_status":"closed","ping_status":"closed","template":"page-product-group.php","meta":{"_acf_changed":false,"footnotes":""},"country":[],"class_list":["post-18066","page","type-page","status-publish","hentry"],"acf":[],"yoast_head":"<!-- This site is optimized with the Yoast SEO plugin v27.0 - https:\/\/yoast.com\/product\/yoast-seo-wordpress\/ -->\n<title>Baromfi - Earlyfeed<\/title>\n<meta name=\"robots\" content=\"index, follow, max-snippet:-1, max-image-preview:large, max-video-preview:-1\" \/>\n<link rel=\"canonical\" href=\"https:\/\/www.earlyfeednutrition.com\/hu\/what-we-do\/poultry\/\" \/>\n<meta property=\"og:locale\" content=\"hu_HU\" \/>\n<meta property=\"og:type\" content=\"article\" \/>\n<meta property=\"og:title\" content=\"Baromfi - Earlyfeed\" \/>\n<meta property=\"og:description\" content=\"Nincs olyan hogy \u2018t\u00fal kor\u00e1n\u2019 Amennyiben meg szeretn\u00e9 adni a csib\u00e9k sz\u00e1m\u00e1ra, hogy a szervezet\u00fck megfelel\u0151en fejl\u0151dj\u00f6n, akkor nem lehet el\u00e9g kor\u00e1n beavatkozni. El\u0151fordulhat, hogy t\u00fal k\u00e9s\u0151n teszi meg valaki ezt a l\u00e9p\u00e9st. A tudom\u00e1nyos kutat\u00e1sok, \u00e9s a telepi tapasztalatok mind azt t\u00e1masztj\u00e1k al\u00e1, hogy a csib\u00e9k \u00e9let\u00e9nek els\u0151 24-72 \u00f3r\u00e1ja hat\u00e1rozza meg nagyr\u00e9szt a [&hellip;]\" \/>\n<meta property=\"og:url\" content=\"https:\/\/www.earlyfeednutrition.com\/hu\/what-we-do\/poultry\/\" \/>\n<meta property=\"og:site_name\" content=\"Earlyfeed\" \/>\n<meta property=\"article:modified_time\" content=\"2022-04-20T09:59:25+00:00\" \/>\n<meta name=\"twitter:card\" content=\"summary_large_image\" \/>\n<meta name=\"twitter:label1\" content=\"Est. reading time\" \/>\n\t<meta name=\"twitter:data1\" content=\"1 minute\" \/>\n<script type=\"application\/ld+json\" class=\"yoast-schema-graph\">{\"@context\":\"https:\/\/schema.org\",\"@graph\":[{\"@type\":\"WebPage\",\"@id\":\"https:\/\/www.earlyfeednutrition.com\/hu\/what-we-do\/poultry\/\",\"url\":\"https:\/\/www.earlyfeednutrition.com\/hu\/what-we-do\/poultry\/\",\"name\":\"Baromfi - Earlyfeed\",\"isPartOf\":{\"@id\":\"https:\/\/www.earlyfeednutrition.com\/hu\/#website\"},\"datePublished\":\"2020-11-05T16:00:36+00:00\",\"dateModified\":\"2022-04-20T09:59:25+00:00\",\"breadcrumb\":{\"@id\":\"https:\/\/www.earlyfeednutrition.com\/hu\/what-we-do\/poultry\/#breadcrumb\"},\"inLanguage\":\"hu-HU\",\"potentialAction\":[{\"@type\":\"ReadAction\",\"target\":[\"https:\/\/www.earlyfeednutrition.com\/hu\/what-we-do\/poultry\/\"]}]},{\"@type\":\"BreadcrumbList\",\"@id\":\"https:\/\/www.earlyfeednutrition.com\/hu\/what-we-do\/poultry\/#breadcrumb\",\"itemListElement\":[{\"@type\":\"ListItem\",\"position\":1,\"name\":\"Kezd\u0151lap\",\"item\":\"https:\/\/earlyfeednutrition.com\/hu\/\"},{\"@type\":\"ListItem\",\"position\":2,\"name\":\"Tev\u00e9kenys\u00e9g\u00fcnk\",\"item\":\"https:\/\/www.earlyfeednutrition.com\/hu\/what-we-do\/\"},{\"@type\":\"ListItem\",\"position\":3,\"name\":\"Baromfi\"}]},{\"@type\":\"WebSite\",\"@id\":\"https:\/\/www.earlyfeednutrition.com\/hu\/#website\",\"url\":\"https:\/\/www.earlyfeednutrition.com\/hu\/\",\"name\":\"Earlyfeed\",\"description\":\"Right from the start\",\"potentialAction\":[{\"@type\":\"SearchAction\",\"target\":{\"@type\":\"EntryPoint\",\"urlTemplate\":\"https:\/\/www.earlyfeednutrition.com\/hu\/?s={search_term_string}\"},\"query-input\":{\"@type\":\"PropertyValueSpecification\",\"valueRequired\":true,\"valueName\":\"search_term_string\"}}],\"inLanguage\":\"hu-HU\"}]}<\/script>\n<!-- \/ Yoast SEO plugin. -->","yoast_head_json":{"title":"Baromfi - Earlyfeed","robots":{"index":"index","follow":"follow","max-snippet":"max-snippet:-1","max-image-preview":"max-image-preview:large","max-video-preview":"max-video-preview:-1"},"canonical":"https:\/\/www.earlyfeednutrition.com\/hu\/what-we-do\/poultry\/","og_locale":"hu_HU","og_type":"article","og_title":"Baromfi - Earlyfeed","og_description":"Nincs olyan hogy \u2018t\u00fal kor\u00e1n\u2019 Amennyiben meg szeretn\u00e9 adni a csib\u00e9k sz\u00e1m\u00e1ra, hogy a szervezet\u00fck megfelel\u0151en fejl\u0151dj\u00f6n, akkor nem lehet el\u00e9g kor\u00e1n beavatkozni. El\u0151fordulhat, hogy t\u00fal k\u00e9s\u0151n teszi meg valaki ezt a l\u00e9p\u00e9st. A tudom\u00e1nyos kutat\u00e1sok, \u00e9s a telepi tapasztalatok mind azt t\u00e1masztj\u00e1k al\u00e1, hogy a csib\u00e9k \u00e9let\u00e9nek els\u0151 24-72 \u00f3r\u00e1ja hat\u00e1rozza meg nagyr\u00e9szt a [&hellip;]","og_url":"https:\/\/www.earlyfeednutrition.com\/hu\/what-we-do\/poultry\/","og_site_name":"Earlyfeed","article_modified_time":"2022-04-20T09:59:25+00:00","twitter_card":"summary_large_image","twitter_misc":{"Est. reading time":"1 minute"},"schema":{"@context":"https:\/\/schema.org","@graph":[{"@type":"WebPage","@id":"https:\/\/www.earlyfeednutrition.com\/hu\/what-we-do\/poultry\/","url":"https:\/\/www.earlyfeednutrition.com\/hu\/what-we-do\/poultry\/","name":"Baromfi - Earlyfeed","isPartOf":{"@id":"https:\/\/www.earlyfeednutrition.com\/hu\/#website"},"datePublished":"2020-11-05T16:00:36+00:00","dateModified":"2022-04-20T09:59:25+00:00","breadcrumb":{"@id":"https:\/\/www.earlyfeednutrition.com\/hu\/what-we-do\/poultry\/#breadcrumb"},"inLanguage":"hu-HU","potentialAction":[{"@type":"ReadAction","target":["https:\/\/www.earlyfeednutrition.com\/hu\/what-we-do\/poultry\/"]}]},{"@type":"BreadcrumbList","@id":"https:\/\/www.earlyfeednutrition.com\/hu\/what-we-do\/poultry\/#breadcrumb","itemListElement":[{"@type":"ListItem","position":1,"name":"Kezd\u0151lap","item":"https:\/\/earlyfeednutrition.com\/hu\/"},{"@type":"ListItem","position":2,"name":"Tev\u00e9kenys\u00e9g\u00fcnk","item":"https:\/\/www.earlyfeednutrition.com\/hu\/what-we-do\/"},{"@type":"ListItem","position":3,"name":"Baromfi"}]},{"@type":"WebSite","@id":"https:\/\/www.earlyfeednutrition.com\/hu\/#website","url":"https:\/\/www.earlyfeednutrition.com\/hu\/","name":"Earlyfeed","description":"Right from the start","potentialAction":[{"@type":"SearchAction","target":{"@type":"EntryPoint","urlTemplate":"https:\/\/www.earlyfeednutrition.com\/hu\/?s={search_term_string}"},"query-input":{"@type":"PropertyValueSpecification","valueRequired":true,"valueName":"search_term_string"}}],"inLanguage":"hu-HU"}]}},"_links":{"self":[{"href":"https:\/\/www.earlyfeednutrition.com\/hu\/wp-json\/wp\/v2\/pages\/18066","targetHints":{"allow":["GET"]}}],"collection":[{"href":"https:\/\/www.earlyfeednutrition.com\/hu\/wp-json\/wp\/v2\/pages"}],"about":[{"href":"https:\/\/www.earlyfeednutrition.com\/hu\/wp-json\/wp\/v2\/types\/page"}],"author":[{"embeddable":true,"href":"https:\/\/www.earlyfeednutrition.com\/hu\/wp-json\/wp\/v2\/users\/1"}],"replies":[{"embeddable":true,"href":"https:\/\/www.earlyfeednutrition.com\/hu\/wp-json\/wp\/v2\/comments?post=18066"}],"version-history":[{"count":5,"href":"https:\/\/www.earlyfeednutrition.com\/hu\/wp-json\/wp\/v2\/pages\/18066\/revisions"}],"predecessor-version":[{"id":18162,"href":"https:\/\/www.earlyfeednutrition.com\/hu\/wp-json\/wp\/v2\/pages\/18066\/revisions\/18162"}],"up":[{"embeddable":true,"href":"https:\/\/www.earlyfeednutrition.com\/hu\/wp-json\/wp\/v2\/pages\/15470"}],"wp:attachment":[{"href":"https:\/\/www.earlyfeednutrition.com\/hu\/wp-json\/wp\/v2\/media?parent=18066"}],"wp:term":[{"taxonomy":"country","embeddable":true,"href":"https:\/\/www.earlyfeednutrition.com\/hu\/wp-json\/wp\/v2\/country?post=18066"}],"curies":[{"name":"wp","href":"https:\/\/api.w.org\/{rel}","templated":true}]}}