{"id":14771,"date":"2019-09-06T07:49:47","date_gmt":"2019-09-06T07:49:47","guid":{"rendered":"https:\/\/earlyfeednutrition.com\/cookie-policy\/"},"modified":"2021-04-22T14:10:03","modified_gmt":"2021-04-22T14:10:03","slug":"cookie-policy","status":"publish","type":"page","link":"https:\/\/www.earlyfeednutrition.com\/es\/cookie-policy\/","title":{"rendered":"pol\u00edtica de cookies"},"content":{"rendered":"<section class=\"section section--gutenberg section--gutenberg-nomargin wp-block-paragraph\">\n<p>Usamos cookies en nuestro sitio web <a href=\"https:\/\/earlyfeednutrition.com\/es\/\">earlyfeednutrition.com<\/a>. Estos son peque\u00f1os archivos de informaci\u00f3n almacenados en su ordenador cuando visite nuestro sitio web. Al aceptar las cookies, ver\u00e1 un sitio web completamente funcional. Las cookies nos permiten conocer el comportamiento de los visitantes de nuestro sitio web. Usamos esta informaci\u00f3n para optimizar nuestros servicios web. Las cookies no ponen en peligro la seguridad de su ordenador o su privacidad.<\/p>\n<\/section>\n\n<section class=\"section section--gutenberg section--gutenberg-nomargin wp-block-heading\">\n<h2>Cookies funcionales y no funcionales<\/h2>\n<\/section>\n\n<section class=\"section section--gutenberg section--gutenberg-nomargin wp-block-paragraph\">\n<p>Las cookies se pueden subdividir en cookies funcionales y no funcionales. Las cookies funcionales son necesarias para el correcto funcionamiento del sitio web y garantizan que podamos mostrarle la informaci\u00f3n requerida de forma r\u00e1pida y precisa cada vez que visite nuestro sitio web. Resulta \u00fatil, porque no tiene que introducir informaci\u00f3n, preferencias o ajustar su configuraci\u00f3n.<\/p>\n<\/section>\n\n<section class=\"section section--gutenberg section--gutenberg-nomargin wp-block-paragraph\">\n<p>Usamos las cookies no funcionales para ver cu\u00e1ntos visitantes tiene nuestro sitio web y c\u00f3mo estos visitantes usan el sitio web. Usamos esta informaci\u00f3n para mejorar a\u00fan m\u00e1s el sitio web. Esta informaci\u00f3n es an\u00f3nima, con esta informaci\u00f3n no podemos identificar a nadie. Estos archivos desaparecer\u00e1n autom\u00e1ticamente cuando cierres tu navegador o estos archivos permanecer\u00e1n hasta 12 meses despu\u00e9s de su \u00faltima visita al sitio web.<\/p>\n<\/section>\n\n<section class=\"section section--gutenberg section--gutenberg-nomargin wp-block-paragraph\">\n<p>Las cookies funcionales se utilizan para:<\/p>\n<\/section>\n\n\n<ul class=\"wp-block-list\"><li>Recordar su informaci\u00f3n de inicio de sesi\u00f3n.<\/li><li>\u2022 Para garantizar la seguridad de su informaci\u00f3n de inicio de sesi\u00f3n.<\/li><li>\u2022 Completar previamente los formularios de pedido en l\u00ednea con la informaci\u00f3n de su cliente.<\/li><li>\u2022 Asegurar la coherencia en el dise\u00f1o del sitio web.<\/li><\/ul>\n\n\n<section class=\"section section--gutenberg section--gutenberg-nomargin wp-block-paragraph\">\n<p>Las cookies no funcionales se utilizan para:<\/p>\n<\/section>\n\n<section class=\"section section--gutenberg section--gutenberg-nomargin wp-block-paragraph\">\n<p>\u2022 Medir cu\u00e1ntas personas visitan nuestro sitio web.<br>\u2022 Determinar c\u00f3mo los visitantes usan el sitio web.<br>\u2022 Mejorar el rendimiento del sitio web.<br>\u2022 Mejorar la experiencia del usuario en el sitio web.<\/p>\n<\/section>\n\n<section class=\"section section--gutenberg section--gutenberg-nomargin wp-block-paragraph\">\n<p>Como cookie no funcional, utilizamos Hotjar para mejorar y optimizar el uso de este sitio web y hacer que el sitio web sea m\u00e1s f\u00e1cil de usar. Hotjar registra las visitas a la p\u00e1gina, los clics y las actividades de desplazamiento de los visitantes de nuestro sitio web. Las grabaciones se hacen an\u00f3nimas.<\/p>\n<\/section>\n\n<section class=\"section section--gutenberg section--gutenberg-nomargin wp-block-paragraph\">\n<p>Puedes encontrar m\u00e1s informaci\u00f3n sobre las cookies y la legislaci\u00f3n sobre cookies en\u00a0<a href=\"https:\/\/www.youronlinechoices.com\/\">https:\/\/www.youronlinechoices.com\/<\/a><\/p>\n<\/section>\n\n<section class=\"section section--gutenberg section--gutenberg-nomargin wp-block-heading\">\n<h2>Actualizar la pol\u00edtica de cookies<\/h2>\n<\/section>\n\n<section class=\"section section--gutenberg section--gutenberg-nomargin wp-block-paragraph\">\n<p>Esta pol\u00edtica de cookies se puede ajustar para revelar cambios y consecuencias posteriores para la obtenci\u00f3n y gesti\u00f3n de datos. Cuando se realicen cambios en esta pol\u00edtica, se agregar\u00e1 \/ modificar\u00e1 la fecha en la parte inferior de la p\u00e1gina.<\/p>\n<\/section>\n\n<section class=\"section section--gutenberg section--gutenberg-nomargin wp-block-paragraph\">\n<p>Nos reservamos el derecho de realizar cambios en la forma en que manejamos los datos y de modificar los t\u00e9rminos y condiciones como se describe en la pol\u00edtica de cookies y de aplicar esos ajustes a sus datos. Si visita nuestro sitio web, acepta los t\u00e9rminos actuales de nuestra pol\u00edtica de cookies.<\/p>\n<\/section>","protected":false},"excerpt":{"rendered":"<p>Usamos cookies en nuestro sitio web earlyfeednutrition.com. Estos son peque\u00f1os archivos de informaci\u00f3n almacenados en su ordenador cuando visite nuestro sitio web. Al aceptar las cookies, ver\u00e1 un sitio web completamente funcional. Las cookies nos permiten conocer el comportamiento de los visitantes de nuestro sitio web. Usamos esta informaci\u00f3n para optimizar nuestros servicios web. Las [&hellip;]<\/p>\n","protected":false},"author":1,"featured_media":0,"parent":0,"menu_order":0,"comment_status":"closed","ping_status":"closed","template":"","meta":{"_acf_changed":false,"footnotes":""},"country":[],"class_list":["post-14771","page","type-page","status-publish","hentry"],"acf":[],"yoast_head":"<!-- This site is optimized with the Yoast SEO plugin v27.0 - https:\/\/yoast.com\/product\/yoast-seo-wordpress\/ -->\n<title>pol\u00edtica de cookies - Earlyfeed<\/title>\n<meta name=\"robots\" content=\"index, follow, max-snippet:-1, max-image-preview:large, max-video-preview:-1\" \/>\n<link rel=\"canonical\" href=\"https:\/\/www.earlyfeednutrition.com\/es\/cookie-policy\/\" \/>\n<meta property=\"og:locale\" content=\"es_ES\" \/>\n<meta property=\"og:type\" content=\"article\" \/>\n<meta property=\"og:title\" content=\"pol\u00edtica de cookies - Earlyfeed\" \/>\n<meta property=\"og:description\" content=\"Usamos cookies en nuestro sitio web earlyfeednutrition.com. Estos son peque\u00f1os archivos de informaci\u00f3n almacenados en su ordenador cuando visite nuestro sitio web. Al aceptar las cookies, ver\u00e1 un sitio web completamente funcional. Las cookies nos permiten conocer el comportamiento de los visitantes de nuestro sitio web. Usamos esta informaci\u00f3n para optimizar nuestros servicios web. Las [&hellip;]\" \/>\n<meta property=\"og:url\" content=\"https:\/\/www.earlyfeednutrition.com\/es\/cookie-policy\/\" \/>\n<meta property=\"og:site_name\" content=\"Earlyfeed\" \/>\n<meta property=\"article:modified_time\" content=\"2021-04-22T14:10:03+00:00\" \/>\n<meta name=\"twitter:card\" content=\"summary_large_image\" \/>\n<meta name=\"twitter:label1\" content=\"Est. reading time\" \/>\n\t<meta name=\"twitter:data1\" content=\"2 minutes\" \/>\n<script type=\"application\/ld+json\" class=\"yoast-schema-graph\">{\"@context\":\"https:\/\/schema.org\",\"@graph\":[{\"@type\":\"WebPage\",\"@id\":\"https:\/\/www.earlyfeednutrition.com\/es\/cookie-policy\/\",\"url\":\"https:\/\/www.earlyfeednutrition.com\/es\/cookie-policy\/\",\"name\":\"pol\u00edtica de cookies - Earlyfeed\",\"isPartOf\":{\"@id\":\"https:\/\/www.earlyfeednutrition.com\/es\/#website\"},\"datePublished\":\"2019-09-06T07:49:47+00:00\",\"dateModified\":\"2021-04-22T14:10:03+00:00\",\"breadcrumb\":{\"@id\":\"https:\/\/www.earlyfeednutrition.com\/es\/cookie-policy\/#breadcrumb\"},\"inLanguage\":\"es-ES\",\"potentialAction\":[{\"@type\":\"ReadAction\",\"target\":[\"https:\/\/www.earlyfeednutrition.com\/es\/cookie-policy\/\"]}]},{\"@type\":\"BreadcrumbList\",\"@id\":\"https:\/\/www.earlyfeednutrition.com\/es\/cookie-policy\/#breadcrumb\",\"itemListElement\":[{\"@type\":\"ListItem\",\"position\":1,\"name\":\"Incio\",\"item\":\"https:\/\/www.earlyfeednutrition.com\/es\/\"},{\"@type\":\"ListItem\",\"position\":2,\"name\":\"pol\u00edtica de cookies\"}]},{\"@type\":\"WebSite\",\"@id\":\"https:\/\/www.earlyfeednutrition.com\/es\/#website\",\"url\":\"https:\/\/www.earlyfeednutrition.com\/es\/\",\"name\":\"Earlyfeed\",\"description\":\"Right from the start\",\"potentialAction\":[{\"@type\":\"SearchAction\",\"target\":{\"@type\":\"EntryPoint\",\"urlTemplate\":\"https:\/\/www.earlyfeednutrition.com\/es\/?s={search_term_string}\"},\"query-input\":{\"@type\":\"PropertyValueSpecification\",\"valueRequired\":true,\"valueName\":\"search_term_string\"}}],\"inLanguage\":\"es-ES\"}]}<\/script>\n<!-- \/ Yoast SEO plugin. -->","yoast_head_json":{"title":"pol\u00edtica de cookies - Earlyfeed","robots":{"index":"index","follow":"follow","max-snippet":"max-snippet:-1","max-image-preview":"max-image-preview:large","max-video-preview":"max-video-preview:-1"},"canonical":"https:\/\/www.earlyfeednutrition.com\/es\/cookie-policy\/","og_locale":"es_ES","og_type":"article","og_title":"pol\u00edtica de cookies - Earlyfeed","og_description":"Usamos cookies en nuestro sitio web earlyfeednutrition.com. Estos son peque\u00f1os archivos de informaci\u00f3n almacenados en su ordenador cuando visite nuestro sitio web. Al aceptar las cookies, ver\u00e1 un sitio web completamente funcional. Las cookies nos permiten conocer el comportamiento de los visitantes de nuestro sitio web. Usamos esta informaci\u00f3n para optimizar nuestros servicios web. Las [&hellip;]","og_url":"https:\/\/www.earlyfeednutrition.com\/es\/cookie-policy\/","og_site_name":"Earlyfeed","article_modified_time":"2021-04-22T14:10:03+00:00","twitter_card":"summary_large_image","twitter_misc":{"Est. reading time":"2 minutes"},"schema":{"@context":"https:\/\/schema.org","@graph":[{"@type":"WebPage","@id":"https:\/\/www.earlyfeednutrition.com\/es\/cookie-policy\/","url":"https:\/\/www.earlyfeednutrition.com\/es\/cookie-policy\/","name":"pol\u00edtica de cookies - Earlyfeed","isPartOf":{"@id":"https:\/\/www.earlyfeednutrition.com\/es\/#website"},"datePublished":"2019-09-06T07:49:47+00:00","dateModified":"2021-04-22T14:10:03+00:00","breadcrumb":{"@id":"https:\/\/www.earlyfeednutrition.com\/es\/cookie-policy\/#breadcrumb"},"inLanguage":"es-ES","potentialAction":[{"@type":"ReadAction","target":["https:\/\/www.earlyfeednutrition.com\/es\/cookie-policy\/"]}]},{"@type":"BreadcrumbList","@id":"https:\/\/www.earlyfeednutrition.com\/es\/cookie-policy\/#breadcrumb","itemListElement":[{"@type":"ListItem","position":1,"name":"Incio","item":"https:\/\/www.earlyfeednutrition.com\/es\/"},{"@type":"ListItem","position":2,"name":"pol\u00edtica de cookies"}]},{"@type":"WebSite","@id":"https:\/\/www.earlyfeednutrition.com\/es\/#website","url":"https:\/\/www.earlyfeednutrition.com\/es\/","name":"Earlyfeed","description":"Right from the start","potentialAction":[{"@type":"SearchAction","target":{"@type":"EntryPoint","urlTemplate":"https:\/\/www.earlyfeednutrition.com\/es\/?s={search_term_string}"},"query-input":{"@type":"PropertyValueSpecification","valueRequired":true,"valueName":"search_term_string"}}],"inLanguage":"es-ES"}]}},"_links":{"self":[{"href":"https:\/\/www.earlyfeednutrition.com\/es\/wp-json\/wp\/v2\/pages\/14771","targetHints":{"allow":["GET"]}}],"collection":[{"href":"https:\/\/www.earlyfeednutrition.com\/es\/wp-json\/wp\/v2\/pages"}],"about":[{"href":"https:\/\/www.earlyfeednutrition.com\/es\/wp-json\/wp\/v2\/types\/page"}],"author":[{"embeddable":true,"href":"https:\/\/www.earlyfeednutrition.com\/es\/wp-json\/wp\/v2\/users\/1"}],"replies":[{"embeddable":true,"href":"https:\/\/www.earlyfeednutrition.com\/es\/wp-json\/wp\/v2\/comments?post=14771"}],"version-history":[{"count":1,"href":"https:\/\/www.earlyfeednutrition.com\/es\/wp-json\/wp\/v2\/pages\/14771\/revisions"}],"predecessor-version":[{"id":14773,"href":"https:\/\/www.earlyfeednutrition.com\/es\/wp-json\/wp\/v2\/pages\/14771\/revisions\/14773"}],"wp:attachment":[{"href":"https:\/\/www.earlyfeednutrition.com\/es\/wp-json\/wp\/v2\/media?parent=14771"}],"wp:term":[{"taxonomy":"country","embeddable":true,"href":"https:\/\/www.earlyfeednutrition.com\/es\/wp-json\/wp\/v2\/country?post=14771"}],"curies":[{"name":"wp","href":"https:\/\/api.w.org\/{rel}","templated":true}]}}